{"id":11,"date":"2013-03-05T12:15:14","date_gmt":"2013-03-05T11:15:14","guid":{"rendered":"http:\/\/aldgatecapitalpartners.com\/es\/?page_id=11"},"modified":"2023-02-28T11:41:38","modified_gmt":"2023-02-28T10:41:38","slug":"el-equipo-aldgate","status":"publish","type":"page","link":"https:\/\/aldgatecapitalpartners.com\/es\/el-equipo-aldgate\/","title":{"rendered":"El Equipo"},"content":{"rendered":"<hr \/>\n<p style=\"text-align: justify;\"><span style=\"color: #000000;\">El equipo de Aldgate lo componen dos socios: <strong>Sonia Alvarez y Jaume Berg\u00e9<\/strong>. Cuentan conjuntamente con m\u00e1s de 50 a\u00f1os de experiencia en desarrollo corporativo, capital riesgo y banca de inversi\u00f3n, en Espa\u00f1a y a nivel internacional.<br \/>\n<\/span><\/p>\n<p style=\"text-align: justify; padding-left: 30px;\"><span style=\"color: #000000;\"><strong><br \/>\nSonia Alvarez<\/strong>\u00a0 es socia fundadora de Aldgate Capital Partners. Desde 2003 hasta 2009 form\u00f3 parte de equipo de una boutique independiente de finanzas corporativas en la que ejecut\u00f3 transacciones nacionales e internacionales. Anteriormente, desarroll\u00f3 su carrera profesional en el \u00e1rea de desarrollo corporativo de grandes corporaciones multinacionales en Espa\u00f1a, Francia y Rep\u00fablica Dominicana.<br \/>\nSonia es licenciada en Administraci\u00f3n y Direcci\u00f3n de Empresas y MBA por ESADE en Barcelona. Habla espa\u00f1ol, catal\u00e1n, franc\u00e9s e ingl\u00e9s. M\u00e1s all\u00e1 de la emprendedur\u00eda y de la banca de inversi\u00f3n, sus otras pasiones son su perra Lola, viajar y la gastronom\u00eda.<\/span><\/p>\n<p style=\"text-align: justify; padding-left: 30px;\"><span style=\"color: #000000;\"><strong><br \/>\nJaume Berg\u00e9<\/strong>\u00a0 es socio de Aldgate Capital Partners desde su constituci\u00f3n en 2009. Anteriormente, de 2003 a 2009 fue uno de los socios de una boutique independiente de finanzas corporativas, involucrado en la generaci\u00f3n y ejecuci\u00f3n de numerosas operaciones nacionales e internacionales. Previamente, trabaj\u00f3 durante 9 a\u00f1os en la divisi\u00f3n de capital riesgo de Granville Baird en Londres y Barcelona, realizando operaciones de inversi\u00f3n en compa\u00f1\u00edas mid-market y early-stage.<br \/>\nJaume es licenciado en Administraci\u00f3n y Direcci\u00f3n de Empresas y Master en Direcci\u00f3n de Empresas por ESADE en Barcelona y el Rensselaer Polytechnic Institute de New York. Jaume habla espa\u00f1ol, catal\u00e1n e ingl\u00e9s. Est\u00e1 casado y tiene dos hijos. Adem\u00e1s del mundo empresarial y la banca de inversi\u00f3n, sus otras pasiones son el golf, el ski, el trail running y la gastronom\u00eda.<\/span><\/p>\n<p style=\"text-align: justify; padding-left: 30px;\"><span style=\"color: #000000;\"><strong><br \/>\n<\/strong><\/span><\/p>\n<p>&nbsp;<\/p>\n<p>&nbsp;<\/p>\n","protected":false},"excerpt":{"rendered":"<p>El equipo de Aldgate lo componen dos socios: Sonia Alvarez y Jaume Berg\u00e9. Cuentan conjuntamente con m\u00e1s de 50 a\u00f1os de experiencia en desarrollo corporativo, capital riesgo y banca de inversi\u00f3n, en Espa\u00f1a y a nivel internacional. Sonia Alvarez\u00a0 es socia fundadora de Aldgate Capital Partners. Desde 2003 hasta 2009 form\u00f3 parte de equipo de [&hellip;]<\/p>\n","protected":false},"author":1,"featured_media":0,"parent":0,"menu_order":0,"comment_status":"closed","ping_status":"closed","template":"","meta":{"footnotes":""},"class_list":["post-11","page","type-page","status-publish","hentry","content-columns-1"],"_links":{"self":[{"href":"https:\/\/aldgatecapitalpartners.com\/es\/wp-json\/wp\/v2\/pages\/11","targetHints":{"allow":["GET"]}}],"collection":[{"href":"https:\/\/aldgatecapitalpartners.com\/es\/wp-json\/wp\/v2\/pages"}],"about":[{"href":"https:\/\/aldgatecapitalpartners.com\/es\/wp-json\/wp\/v2\/types\/page"}],"author":[{"embeddable":true,"href":"https:\/\/aldgatecapitalpartners.com\/es\/wp-json\/wp\/v2\/users\/1"}],"replies":[{"embeddable":true,"href":"https:\/\/aldgatecapitalpartners.com\/es\/wp-json\/wp\/v2\/comments?post=11"}],"version-history":[{"count":19,"href":"https:\/\/aldgatecapitalpartners.com\/es\/wp-json\/wp\/v2\/pages\/11\/revisions"}],"predecessor-version":[{"id":357,"href":"https:\/\/aldgatecapitalpartners.com\/es\/wp-json\/wp\/v2\/pages\/11\/revisions\/357"}],"wp:attachment":[{"href":"https:\/\/aldgatecapitalpartners.com\/es\/wp-json\/wp\/v2\/media?parent=11"}],"curies":[{"name":"wp","href":"https:\/\/api.w.org\/{rel}","templated":true}]}}