{"id":14,"date":"2013-03-05T12:16:22","date_gmt":"2013-03-05T11:16:22","guid":{"rendered":"http:\/\/aldgatecapitalpartners.com\/es\/?page_id=14"},"modified":"2023-02-28T11:41:39","modified_gmt":"2023-02-28T10:41:39","slug":"servicios","status":"publish","type":"page","link":"https:\/\/aldgatecapitalpartners.com\/es\/servicios\/","title":{"rendered":"Servicios"},"content":{"rendered":"<hr \/>\n<ul>\n<li><a title=\"Servicios Recurrentes de Creaci\u00f3n de Valor para el Accionista\" href=\"http:\/\/aldgatecapitalpartners.com\/es\/servicios\/recurrent-value-creation-services\/\"><span style=\"color: #000000;\">Servicios Recurrentes de Creaci\u00f3n de Valor para el Accionista<\/span><\/a><\/li>\n<li><span style=\"color: #000000;\"><a title=\"Corporate Finance\" href=\"http:\/\/aldgatecapitalpartners.com\/es\/servicios\/corporate-finance\/\"><span style=\"color: #000000;\">Corporate Finance<\/span><\/a><\/span><\/li>\n<li><a title=\"Reestructuraci\u00f3n de compa\u00f1\u00edas\" href=\"http:\/\/aldgatecapitalpartners.com\/es\/servicios\/reestructuracion-companias\/\"><span style=\"color: #000000;\">Reestructuraci\u00f3n de compa\u00f1\u00edas<\/span><\/a><\/li>\n<li><span style=\"color: #000000;\"><a title=\"Aldgate Investments\" href=\"http:\/\/aldgatecapitalpartners.com\/es\/servicios\/aldgate-investments\/\"><span style=\"color: #000000;\">Aldgate Investments<\/span><\/a><\/span><\/li>\n<\/ul>\n","protected":false},"excerpt":{"rendered":"<p>Servicios Recurrentes de Creaci\u00f3n de Valor para el Accionista Corporate Finance Reestructuraci\u00f3n de compa\u00f1\u00edas Aldgate Investments<\/p>\n","protected":false},"author":1,"featured_media":0,"parent":0,"menu_order":0,"comment_status":"closed","ping_status":"closed","template":"","meta":{"footnotes":""},"class_list":["post-14","page","type-page","status-publish","hentry","content-columns-1"],"_links":{"self":[{"href":"https:\/\/aldgatecapitalpartners.com\/es\/wp-json\/wp\/v2\/pages\/14","targetHints":{"allow":["GET"]}}],"collection":[{"href":"https:\/\/aldgatecapitalpartners.com\/es\/wp-json\/wp\/v2\/pages"}],"about":[{"href":"https:\/\/aldgatecapitalpartners.com\/es\/wp-json\/wp\/v2\/types\/page"}],"author":[{"embeddable":true,"href":"https:\/\/aldgatecapitalpartners.com\/es\/wp-json\/wp\/v2\/users\/1"}],"replies":[{"embeddable":true,"href":"https:\/\/aldgatecapitalpartners.com\/es\/wp-json\/wp\/v2\/comments?post=14"}],"version-history":[{"count":9,"href":"https:\/\/aldgatecapitalpartners.com\/es\/wp-json\/wp\/v2\/pages\/14\/revisions"}],"predecessor-version":[{"id":359,"href":"https:\/\/aldgatecapitalpartners.com\/es\/wp-json\/wp\/v2\/pages\/14\/revisions\/359"}],"wp:attachment":[{"href":"https:\/\/aldgatecapitalpartners.com\/es\/wp-json\/wp\/v2\/media?parent=14"}],"curies":[{"name":"wp","href":"https:\/\/api.w.org\/{rel}","templated":true}]}}