{"id":16,"date":"2013-03-05T12:17:22","date_gmt":"2013-03-05T11:17:22","guid":{"rendered":"http:\/\/aldgatecapitalpartners.com\/es\/?page_id=16"},"modified":"2023-02-28T11:41:39","modified_gmt":"2023-02-28T10:41:39","slug":"recurrent-value-creation-services","status":"publish","type":"page","link":"https:\/\/aldgatecapitalpartners.com\/es\/servicios\/recurrent-value-creation-services\/","title":{"rendered":"Servicios Recurrentes de Creaci\u00f3n de Valor para el Accionista"},"content":{"rendered":"<hr \/>\n<p style=\"text-align: justify;\"><span style=\"color: #000000;\">Asesoramos de manera recurrente a gestores-propietarios que necesitan acompa\u00f1amiento para incrementar el valor y la liquidez de las acciones de sus compa\u00f1\u00edas. Participamos en Consejos de Administraci\u00f3n, Consejos Asesores y \u00f3rganos de gobiernos corporativo similares dando soporte a accionistas y directivos de empresas no cotizadas en \u00e1reas como: relaci\u00f3n accionistas-compa\u00f1\u00eda, desarrollo estrat\u00e9gico, escalabilidad de modelos de negocio y aspectos financieros. Algunos ejemplos son:<\/span><\/p>\n<p style=\"padding-left: 30px;\"><strong>Definici\u00f3n de la estrategia de futuro<\/strong><\/p>\n<p style=\"padding-left: 30px;\"><strong>Rol del socio-gestor y desarrollo de estructuras organizativas escalables<\/strong><\/p>\n<p style=\"padding-left: 30px;\"><strong>Optimizaci\u00f3n de la cuenta de resultados y estructura de balance<\/strong><\/p>\n<p style=\"padding-left: 30px;\"><strong>Implementaci\u00f3n de nuevas metodolog\u00edas de presupuestaci\u00f3n y sistemas de reporting<\/strong><\/p>\n<p style=\"padding-left: 30px;\"><strong>Acceso a fuentes alternativas de financiaci\u00f3n<\/strong><\/p>\n<table style=\"background-color: #32353a;\" border=\"0\">\n<tbody>\n<tr class=\"alignleft\" align=\"left\" valign=\"top\">\n<td>\n<h3 style=\"padding-left: 30px;\"><strong><span style=\"color: #ffffff;\">Testimonial<\/span><\/strong><\/h3>\n<h6 style=\"padding-left: 60px; text-align: justify;\"><span style=\"color: #c0c0c0;\">Merc\u00e8 Gonz\u00e1lez, <\/span><strong><span style=\"color: #c0c0c0;\">accionista y Consejero Delegado de COSMOS AROM\u00c1TICA INTERNACIONAL<\/span><\/strong><\/h6>\n<h6 style=\"padding-left: 60px; text-align: justify;\"><em><span style=\"color: #c0c0c0;\"><em>\u201cCon Aldgate me he sentido acompa\u00f1ada a la hora de tomar decisiones gracias a su experiencia profesional, conocimiento del mundo empresarial y su forma de hacer. Son pragm\u00e1ticos y directos, haciendo siempre sus aportaciones seg\u00fan su punto de vista, lo que te obliga a reflexionar ante el camino a seguir\u201d<\/em><\/span><\/em><\/h6>\n<p>&nbsp;<\/td>\n<\/tr>\n<\/tbody>\n<\/table>\n<p><\/p>\n","protected":false},"excerpt":{"rendered":"<p>Asesoramos de manera recurrente a gestores-propietarios que necesitan acompa\u00f1amiento para incrementar el valor y la liquidez de las acciones de sus compa\u00f1\u00edas. Participamos en Consejos de Administraci\u00f3n, Consejos Asesores y \u00f3rganos de gobiernos corporativo similares dando soporte a accionistas y directivos de empresas no cotizadas en \u00e1reas como: relaci\u00f3n accionistas-compa\u00f1\u00eda, desarrollo estrat\u00e9gico, escalabilidad de modelos [&hellip;]<\/p>\n","protected":false},"author":1,"featured_media":0,"parent":14,"menu_order":0,"comment_status":"closed","ping_status":"closed","template":"","meta":{"footnotes":""},"class_list":["post-16","page","type-page","status-publish","hentry","content-columns-1"],"_links":{"self":[{"href":"https:\/\/aldgatecapitalpartners.com\/es\/wp-json\/wp\/v2\/pages\/16","targetHints":{"allow":["GET"]}}],"collection":[{"href":"https:\/\/aldgatecapitalpartners.com\/es\/wp-json\/wp\/v2\/pages"}],"about":[{"href":"https:\/\/aldgatecapitalpartners.com\/es\/wp-json\/wp\/v2\/types\/page"}],"author":[{"embeddable":true,"href":"https:\/\/aldgatecapitalpartners.com\/es\/wp-json\/wp\/v2\/users\/1"}],"replies":[{"embeddable":true,"href":"https:\/\/aldgatecapitalpartners.com\/es\/wp-json\/wp\/v2\/comments?post=16"}],"version-history":[{"count":15,"href":"https:\/\/aldgatecapitalpartners.com\/es\/wp-json\/wp\/v2\/pages\/16\/revisions"}],"predecessor-version":[{"id":362,"href":"https:\/\/aldgatecapitalpartners.com\/es\/wp-json\/wp\/v2\/pages\/16\/revisions\/362"}],"up":[{"embeddable":true,"href":"https:\/\/aldgatecapitalpartners.com\/es\/wp-json\/wp\/v2\/pages\/14"}],"wp:attachment":[{"href":"https:\/\/aldgatecapitalpartners.com\/es\/wp-json\/wp\/v2\/media?parent=16"}],"curies":[{"name":"wp","href":"https:\/\/api.w.org\/{rel}","templated":true}]}}