{"id":19,"date":"2013-03-05T12:18:23","date_gmt":"2013-03-05T11:18:23","guid":{"rendered":"http:\/\/aldgatecapitalpartners.com\/es\/?page_id=19"},"modified":"2023-02-28T11:41:39","modified_gmt":"2023-02-28T10:41:39","slug":"corporate-finance","status":"publish","type":"page","link":"https:\/\/aldgatecapitalpartners.com\/es\/servicios\/corporate-finance\/","title":{"rendered":"Corporate Finance"},"content":{"rendered":"<hr \/>\n<p><span style=\"color: #000000;\">Asesoramos a compa\u00f1\u00edas y sus accionistas en diversos tipos de transacciones societarias, que incluyen:<\/span><\/p>\n<p><span style=\"color: #000000;\"><strong>MANDATOS DE COMPRA<\/strong><\/span><\/p>\n<p style=\"text-align: justify;\"><span style=\"color: #000000;\">Asesoramos a compa\u00f1\u00edas en su crecimiento inorg\u00e1nico, ayud\u00e1ndolas a adquirir otras compa\u00f1\u00edas. Nuestra visi\u00f3n a largo plazo as\u00ed como nuestra experiencia en desarrollo corporativo y capital riesgo nos permiten considerar los efectos de \u00abla ma\u00f1ana siguiente\u00bb y, por tanto, no tememos recomendar no avanzar en una adquisici\u00f3n si identificamos dificultades post-transacci\u00f3n.<\/span><\/p>\n<p style=\"text-align: justify;\"><span style=\"color: #000000;\">Hemos participado con algunos de nuestros clientes en m\u00e1s de una adquisici\u00f3n convirti\u00e9ndonos en parte integrante de su equipo de desarrollo corporativo.<\/span><\/p>\n<p style=\"text-align: justify;\"><span style=\"color: #000000;\"><strong>MANDATOS DE VENTA<\/strong><\/span><\/p>\n<p style=\"text-align: justify;\"><span style=\"color: #000000;\">Asesoramos a propietarios de compa\u00f1\u00edas no cotizadas en bolsa en la venta de una parte o la totalidad de la compa\u00f1\u00eda. Nuestro enfoque pr\u00e1ctico nos distancia de convertirnos en \u00abuna m\u00e1quina de editar cuadernos de venta\u00bb. Dise\u00f1amos cada proceso de venta a las circunstancias espec\u00edficas de cada cliente, su mercado y el entorno econ\u00f3mico.<\/span><\/p>\n<div>\n<p><span style=\"color: #000000;\"><strong>TRANSACCIONES DE B\u00daSQUEDA DE CAPITAL<\/strong><\/span><\/p>\n<p style=\"text-align: justify;\"><span style=\"color: #000000;\">Asesoramos a compa\u00f1\u00edas no cotizadas en bolsa a obtener capital adicional as\u00ed como otras fuentes de financiaci\u00f3n a largo plazo, como, por ejemplo, pr\u00e9stamos participativos. En muchas ocasiones, se utilizan estos recursos adicionales para adquirir compa\u00f1\u00edas, desarrollar los negocios a nivel internacional o llevar a cabo inversiones en activos fijos significativas.<\/span><\/p>\n<p style=\"text-align: justify;\"><span style=\"color: #000000;\">Tambi\u00e9n asesoramos a equipos directivos a conseguir financiaci\u00f3n de inversores institucionales para participar en operaciones de MBO y MBI.<\/span><\/p>\n<p style=\"text-align: justify;\"><span style=\"color: #000000;\">Obtenemos el capital de fondos de capital riesgo dom\u00e9sticos e internacionales, family offices e inversores privados, con los cuales mantenemos contacto de manera recurrente.<\/span><\/p>\n<p style=\"text-align: justify;\"><span style=\"color: #000000;\">Nuestra experiencia en capital riesgo nos permite entender c\u00f3mo debe presentarse cada proyecto para maximizar la probabilidad de \u00e9xito en el proceso de obtenci\u00f3n de capital.<\/span><\/p>\n<p style=\"text-align: justify;\"><span style=\"color: #000000;\"><strong>OTRAS TRANSACCIONES SOCIETARIAS<\/strong><\/span><\/p>\n<p style=\"text-align: justify;\"><span style=\"color: #000000;\">Tambi\u00e9n asesoramos en otras transacciones societarias que implican una combinaci\u00f3n de negocios y\/o una desinversi\u00f3n como fusiones, joint-ventures y escisiones de rama de actividad.<\/span><\/p>\n<p>&nbsp;<\/p>\n<table style=\"background-color: #32353a;\" border=\"0\">\n<tbody>\n<tr class=\"alignleft\" align=\"left\" valign=\"top\">\n<td>\n<h3 style=\"padding-left: 30px;\"><strong><span style=\"color: #ffffff;\">Testimonial<\/span><\/strong><\/h3>\n<h6 style=\"padding-left: 60px; text-align: left;\"><span style=\"color: #c0c0c0;\">Jos\u00e9 Carlos Lacasa,<\/span> <strong><span style=\"color: #c0c0c0;\">accionista de CHOCOLATES LACASA y Presidente de MAZ MUTUA DE ACCIDENTES DE TRABAJO<\/span><\/strong><\/h6>\n<h6 style=\"padding-left: 60px; text-align: justify;\"><span style=\"color: #c0c0c0;\"><em>\u00ab<em>Valoro en especial de Aldgate su enfoque pr\u00e1ctico ante situaciones delicadas. Aportan soluciones basadas en diagn\u00f3sticos detallados y realistas compartiendo con su cliente lo que de verdad piensan y no lo que el cliente quiere escuchar<\/em>\u00ab<\/em><\/span><\/h6>\n<p>&nbsp;<\/td>\n<\/tr>\n<\/tbody>\n<\/table>\n<\/div>\n","protected":false},"excerpt":{"rendered":"<p>Asesoramos a compa\u00f1\u00edas y sus accionistas en diversos tipos de transacciones societarias, que incluyen: MANDATOS DE COMPRA Asesoramos a compa\u00f1\u00edas en su crecimiento inorg\u00e1nico, ayud\u00e1ndolas a adquirir otras compa\u00f1\u00edas. Nuestra visi\u00f3n a largo plazo as\u00ed como nuestra experiencia en desarrollo corporativo y capital riesgo nos permiten considerar los efectos de \u00abla ma\u00f1ana siguiente\u00bb y, por [&hellip;]<\/p>\n","protected":false},"author":1,"featured_media":0,"parent":14,"menu_order":0,"comment_status":"closed","ping_status":"closed","template":"","meta":{"footnotes":""},"class_list":["post-19","page","type-page","status-publish","hentry","content-columns-1"],"_links":{"self":[{"href":"https:\/\/aldgatecapitalpartners.com\/es\/wp-json\/wp\/v2\/pages\/19","targetHints":{"allow":["GET"]}}],"collection":[{"href":"https:\/\/aldgatecapitalpartners.com\/es\/wp-json\/wp\/v2\/pages"}],"about":[{"href":"https:\/\/aldgatecapitalpartners.com\/es\/wp-json\/wp\/v2\/types\/page"}],"author":[{"embeddable":true,"href":"https:\/\/aldgatecapitalpartners.com\/es\/wp-json\/wp\/v2\/users\/1"}],"replies":[{"embeddable":true,"href":"https:\/\/aldgatecapitalpartners.com\/es\/wp-json\/wp\/v2\/comments?post=19"}],"version-history":[{"count":7,"href":"https:\/\/aldgatecapitalpartners.com\/es\/wp-json\/wp\/v2\/pages\/19\/revisions"}],"predecessor-version":[{"id":361,"href":"https:\/\/aldgatecapitalpartners.com\/es\/wp-json\/wp\/v2\/pages\/19\/revisions\/361"}],"up":[{"embeddable":true,"href":"https:\/\/aldgatecapitalpartners.com\/es\/wp-json\/wp\/v2\/pages\/14"}],"wp:attachment":[{"href":"https:\/\/aldgatecapitalpartners.com\/es\/wp-json\/wp\/v2\/media?parent=19"}],"curies":[{"name":"wp","href":"https:\/\/api.w.org\/{rel}","templated":true}]}}