{"id":21,"date":"2013-03-05T12:19:13","date_gmt":"2013-03-05T11:19:13","guid":{"rendered":"http:\/\/aldgatecapitalpartners.com\/es\/?page_id=21"},"modified":"2023-02-28T11:41:39","modified_gmt":"2023-02-28T10:41:39","slug":"reestructuracion-companias","status":"publish","type":"page","link":"https:\/\/aldgatecapitalpartners.com\/es\/servicios\/reestructuracion-companias\/","title":{"rendered":"Reestructuraci\u00f3n de compa\u00f1\u00edas"},"content":{"rendered":"<hr \/>\n<p style=\"text-align: justify;\"><span style=\"color: #000000;\">Asesoramos a compa\u00f1\u00edas que se encuentran en dificultades financieras a encontrar la mejor soluci\u00f3n para la compa\u00f1\u00eda y sus accionistas. Nuestros servicios incluyen:<\/span><\/p>\n<p style=\"padding-left: 30px; text-align: justify;\"><span style=\"color: #000000;\"><strong>Un diagn\u00f3stico de la situaci\u00f3n real del negocio, los or\u00edgenes del problema y el potencial de desarrollo futuro de la Compa\u00f1\u00eda<\/strong><\/span><\/p>\n<p style=\"padding-left: 30px; text-align: justify;\"><span style=\"color: #000000;\"><strong>Preparaci\u00f3n de proyecciones financieras detalladas con especial \u00e9nfasis en la generaci\u00f3n de caja a corto plazo<\/strong><\/span><\/p>\n<p style=\"padding-left: 30px; text-align: justify;\"><span style=\"color: #000000;\"><strong>An\u00e1lisis de la situaci\u00f3n con las entidades financieras y dise\u00f1o e implementaci\u00f3n de un plan de reestructuraci\u00f3n de la deuda<\/strong><\/span><\/p>\n<p style=\"text-align: justify; padding-left: 30px;\"><span style=\"color: #000000;\"><strong>Si es necesario, preparaci\u00f3n de la documentaci\u00f3n necesaria para presentar concurso de acreedores<\/strong><\/span><\/p>\n","protected":false},"excerpt":{"rendered":"<p>Asesoramos a compa\u00f1\u00edas que se encuentran en dificultades financieras a encontrar la mejor soluci\u00f3n para la compa\u00f1\u00eda y sus accionistas. Nuestros servicios incluyen: Un diagn\u00f3stico de la situaci\u00f3n real del negocio, los or\u00edgenes del problema y el potencial de desarrollo futuro de la Compa\u00f1\u00eda Preparaci\u00f3n de proyecciones financieras detalladas con especial \u00e9nfasis en la generaci\u00f3n [&hellip;]<\/p>\n","protected":false},"author":1,"featured_media":0,"parent":14,"menu_order":0,"comment_status":"closed","ping_status":"closed","template":"","meta":{"footnotes":""},"class_list":["post-21","page","type-page","status-publish","hentry","content-columns-1"],"_links":{"self":[{"href":"https:\/\/aldgatecapitalpartners.com\/es\/wp-json\/wp\/v2\/pages\/21","targetHints":{"allow":["GET"]}}],"collection":[{"href":"https:\/\/aldgatecapitalpartners.com\/es\/wp-json\/wp\/v2\/pages"}],"about":[{"href":"https:\/\/aldgatecapitalpartners.com\/es\/wp-json\/wp\/v2\/types\/page"}],"author":[{"embeddable":true,"href":"https:\/\/aldgatecapitalpartners.com\/es\/wp-json\/wp\/v2\/users\/1"}],"replies":[{"embeddable":true,"href":"https:\/\/aldgatecapitalpartners.com\/es\/wp-json\/wp\/v2\/comments?post=21"}],"version-history":[{"count":6,"href":"https:\/\/aldgatecapitalpartners.com\/es\/wp-json\/wp\/v2\/pages\/21\/revisions"}],"predecessor-version":[{"id":180,"href":"https:\/\/aldgatecapitalpartners.com\/es\/wp-json\/wp\/v2\/pages\/21\/revisions\/180"}],"up":[{"embeddable":true,"href":"https:\/\/aldgatecapitalpartners.com\/es\/wp-json\/wp\/v2\/pages\/14"}],"wp:attachment":[{"href":"https:\/\/aldgatecapitalpartners.com\/es\/wp-json\/wp\/v2\/media?parent=21"}],"curies":[{"name":"wp","href":"https:\/\/api.w.org\/{rel}","templated":true}]}}