{"id":24,"date":"2013-03-05T12:20:57","date_gmt":"2013-03-05T11:20:57","guid":{"rendered":"http:\/\/aldgatecapitalpartners.com\/es\/?page_id=24"},"modified":"2023-02-28T11:41:39","modified_gmt":"2023-02-28T10:41:39","slug":"aldgate-investments","status":"publish","type":"page","link":"https:\/\/aldgatecapitalpartners.com\/es\/servicios\/aldgate-investments\/","title":{"rendered":"Aldgate Investments"},"content":{"rendered":"<hr \/>\n<p style=\"text-align: justify;\"><span style=\"color: #000000;\">En determinadas circunstancias, nos involucramos en transacciones en las que existe un potencial de crecimiento significativo y en las que las caracter\u00edsticas de la operaci\u00f3n requieren un enfoque a largo plazo.<\/span><\/p>\n<p style=\"text-align: justify;\"><span style=\"color: #000000;\">Gracias a nuestra independencia, en estas circunstancias podemos ofrecer nuestros servicios en los que parte de nuestra remuneraci\u00f3n se instrumenta v\u00eda capital, participando as\u00ed en la creaci\u00f3n de valor a futuro del negocio.<\/span><\/p>\n","protected":false},"excerpt":{"rendered":"<p>En determinadas circunstancias, nos involucramos en transacciones en las que existe un potencial de crecimiento significativo y en las que las caracter\u00edsticas de la operaci\u00f3n requieren un enfoque a largo plazo. Gracias a nuestra independencia, en estas circunstancias podemos ofrecer nuestros servicios en los que parte de nuestra remuneraci\u00f3n se instrumenta v\u00eda capital, participando as\u00ed [&hellip;]<\/p>\n","protected":false},"author":1,"featured_media":0,"parent":14,"menu_order":0,"comment_status":"closed","ping_status":"closed","template":"","meta":{"footnotes":""},"class_list":["post-24","page","type-page","status-publish","hentry","content-columns-1"],"_links":{"self":[{"href":"https:\/\/aldgatecapitalpartners.com\/es\/wp-json\/wp\/v2\/pages\/24","targetHints":{"allow":["GET"]}}],"collection":[{"href":"https:\/\/aldgatecapitalpartners.com\/es\/wp-json\/wp\/v2\/pages"}],"about":[{"href":"https:\/\/aldgatecapitalpartners.com\/es\/wp-json\/wp\/v2\/types\/page"}],"author":[{"embeddable":true,"href":"https:\/\/aldgatecapitalpartners.com\/es\/wp-json\/wp\/v2\/users\/1"}],"replies":[{"embeddable":true,"href":"https:\/\/aldgatecapitalpartners.com\/es\/wp-json\/wp\/v2\/comments?post=24"}],"version-history":[{"count":3,"href":"https:\/\/aldgatecapitalpartners.com\/es\/wp-json\/wp\/v2\/pages\/24\/revisions"}],"predecessor-version":[{"id":360,"href":"https:\/\/aldgatecapitalpartners.com\/es\/wp-json\/wp\/v2\/pages\/24\/revisions\/360"}],"up":[{"embeddable":true,"href":"https:\/\/aldgatecapitalpartners.com\/es\/wp-json\/wp\/v2\/pages\/14"}],"wp:attachment":[{"href":"https:\/\/aldgatecapitalpartners.com\/es\/wp-json\/wp\/v2\/media?parent=24"}],"curies":[{"name":"wp","href":"https:\/\/api.w.org\/{rel}","templated":true}]}}