{"id":32,"date":"2013-03-05T12:23:38","date_gmt":"2013-03-05T11:23:38","guid":{"rendered":"http:\/\/aldgatecapitalpartners.com\/es\/?page_id=32"},"modified":"2023-02-28T11:41:39","modified_gmt":"2023-02-28T10:41:39","slug":"testimoniales","status":"publish","type":"page","link":"https:\/\/aldgatecapitalpartners.com\/es\/testimoniales\/","title":{"rendered":"Testimoniales"},"content":{"rendered":"<hr \/>\n<p style=\"text-align: justify;\"><span style=\"color: #000000;\">Ton Capella, <strong>C<\/strong><strong>onsejero Delegado de<\/strong> <strong>TELSTAR<\/strong><\/span><\/p>\n<p style=\"padding-left: 90px; text-align: justify;\"><span style=\"color: #000000;\"><em>\u201cAldgate nos asesor\u00f3 cuando un fondo de capital riesgo tom\u00f3 una participaci\u00f3n en nuestra compa\u00f1\u00eda, nos acompa\u00f1\u00f3 durante nuestra expansi\u00f3n internacional a trav\u00e9s de adquisiciones y nos ayud\u00f3 en la venta de una participaci\u00f3n mayoritaria de la compa\u00f1\u00eda. Su compromiso, velocidad de respuesta y pensamiento innovador han sido fundamentales para nuestra relaci\u00f3n a largo plazo. Adicionalmente a sus habilidades t\u00e9cnicas, valoro especialmente su habilidad para gestionar a los diversos asesores de una transacci\u00f3n y su psicolog\u00eda comercial derivada del sentido com\u00fan\u201d<\/em><\/span><\/p>\n<p><span style=\"color: #000000;\">Jose Rey, Jes\u00fas Nieto y Andr\u00e9s L\u00f3pez, <\/span><strong>accionistas-fundadores de PREVING CONSULTORES<\/strong><\/p>\n<p style=\"padding-left: 90px; text-align: justify;\"><span style=\"color: #000000;\"><em>\u00abDesde el a\u00f1o 2005, el equipo de ALDGATE nos asesora de manera recurrente en nuestro desarrollo estrat\u00e9gico y de creaci\u00f3n de valor para los accionistas, que incluye crecimiento a trav\u00e9s de adquisiciones. Sonia y Jaume se han integrado perfectamente con el personal de PREVING. No los percibimos como asesores externos sino como parte de nuestro equipo\u00bb<\/em><\/span><\/p>\n<p style=\"text-align: justify;\"><span style=\"color: #000000;\">Merc\u00e8 Gonz\u00e1lez,<strong>\u00a0<strong>accionista y Consejero Delegado de<\/strong> COSMOS AROM\u00c1TICA INTERNACIONAL<\/strong><\/span><\/p>\n<p style=\"padding-left: 90px; text-align: justify;\"><span style=\"color: #000000;\"><em>\u201cCon Aldgate me he sentido acompa\u00f1ada a la hora de tomar decisiones gracias a su experiencia profesional, conocimiento del mundo empresarial y su forma de hacer. Son pragm\u00e1ticos y directos, haciendo siempre sus aportaciones seg\u00fan su punto de vista, lo que te obliga a reflexionar ante el camino a seguir\u201d<\/em><\/span><\/p>\n<p style=\"text-align: justify;\"><span style=\"color: #000000;\">Joan Manel Recio, <strong>accionista-fundador y Consejero Delegado de VINCLE INTERNACIONAL<\/strong><\/span><\/p>\n<p style=\"padding-left: 90px; text-align: justify;\"><em><span style=\"color: #000000;\">\u00abAldgate nos ha acompa\u00f1ado en nuestros procesos de an\u00e1lisis de potenciales transacciones corporativas. Agradezco en especial el rigor y realismo de sus recomendaciones, que ha hecho posible no avanzar en algunas operaciones que el tiempo demostr\u00f3 no eran las m\u00e1s adecuadas para nuestra compa\u00f1\u00eda\u00bb<\/span><\/em><\/p>\n<p><span style=\"color: #000000;\">Jos\u00e9 Carlos Lacasa, <\/span><strong>accionista de CHOCOLATES LACASA y Presidente de MAZ MUTUA DE ACCIDENTES DE TRABAJO<\/strong><\/p>\n<p style=\"padding-left: 90px; text-align: justify;\"><em><span style=\"color: #000000;\">\u00abValoro en especial de Aldgate su enfoque pr\u00e1ctico ante situaciones delicadas. Aportan soluciones basadas en diagn\u00f3sticos detallados y realistas compartiendo con su cliente lo que de verdad piensan y no lo que el cliente quiere escuchar\u00bb<\/span><\/em><\/p>\n","protected":false},"excerpt":{"rendered":"<p>Ton Capella, Consejero Delegado de TELSTAR \u201cAldgate nos asesor\u00f3 cuando un fondo de capital riesgo tom\u00f3 una participaci\u00f3n en nuestra compa\u00f1\u00eda, nos acompa\u00f1\u00f3 durante nuestra expansi\u00f3n internacional a trav\u00e9s de adquisiciones y nos ayud\u00f3 en la venta de una participaci\u00f3n mayoritaria de la compa\u00f1\u00eda. Su compromiso, velocidad de respuesta y pensamiento innovador han sido fundamentales [&hellip;]<\/p>\n","protected":false},"author":1,"featured_media":0,"parent":0,"menu_order":0,"comment_status":"closed","ping_status":"closed","template":"","meta":{"footnotes":""},"class_list":["post-32","page","type-page","status-publish","hentry","content-columns-1"],"_links":{"self":[{"href":"https:\/\/aldgatecapitalpartners.com\/es\/wp-json\/wp\/v2\/pages\/32","targetHints":{"allow":["GET"]}}],"collection":[{"href":"https:\/\/aldgatecapitalpartners.com\/es\/wp-json\/wp\/v2\/pages"}],"about":[{"href":"https:\/\/aldgatecapitalpartners.com\/es\/wp-json\/wp\/v2\/types\/page"}],"author":[{"embeddable":true,"href":"https:\/\/aldgatecapitalpartners.com\/es\/wp-json\/wp\/v2\/users\/1"}],"replies":[{"embeddable":true,"href":"https:\/\/aldgatecapitalpartners.com\/es\/wp-json\/wp\/v2\/comments?post=32"}],"version-history":[{"count":26,"href":"https:\/\/aldgatecapitalpartners.com\/es\/wp-json\/wp\/v2\/pages\/32\/revisions"}],"predecessor-version":[{"id":364,"href":"https:\/\/aldgatecapitalpartners.com\/es\/wp-json\/wp\/v2\/pages\/32\/revisions\/364"}],"wp:attachment":[{"href":"https:\/\/aldgatecapitalpartners.com\/es\/wp-json\/wp\/v2\/media?parent=32"}],"curies":[{"name":"wp","href":"https:\/\/api.w.org\/{rel}","templated":true}]}}