{"id":37,"date":"2013-03-05T12:25:22","date_gmt":"2013-03-05T11:25:22","guid":{"rendered":"http:\/\/aldgatecapitalpartners.com\/es\/?page_id=37"},"modified":"2023-02-28T11:41:39","modified_gmt":"2023-02-28T10:41:39","slug":"2003-2006","status":"publish","type":"page","link":"https:\/\/aldgatecapitalpartners.com\/es\/transacciones\/2003-2006\/","title":{"rendered":"2003 &#8211; 2006"},"content":{"rendered":"<hr \/>\n<p><img loading=\"lazy\" decoding=\"async\" class=\"alignnone size-full wp-image-80\" alt=\"2006 (4)\" src=\"http:\/\/aldgatecapitalpartners.com\/es\/wp-content\/uploads\/sites\/2\/2013\/03\/2006-4.png\" width=\"963\" height=\"246\" \/><\/p>\n<p><img loading=\"lazy\" decoding=\"async\" class=\"alignnone size-full wp-image-79\" alt=\"2006 (3)\" src=\"http:\/\/aldgatecapitalpartners.com\/es\/wp-content\/uploads\/sites\/2\/2013\/03\/2006-3.png\" width=\"963\" height=\"246\" srcset=\"https:\/\/aldgatecapitalpartners.com\/es\/files\/2013\/03\/2006-3.png 963w, https:\/\/aldgatecapitalpartners.com\/es\/files\/2013\/03\/2006-3-300x76.png 300w, https:\/\/aldgatecapitalpartners.com\/es\/files\/2013\/03\/2006-3-904x230.png 904w\" sizes=\"auto, (max-width: 963px) 100vw, 963px\" \/><\/p>\n<p><img loading=\"lazy\" decoding=\"async\" class=\"alignnone size-full wp-image-78\" alt=\"2006 (2)\" src=\"http:\/\/aldgatecapitalpartners.com\/es\/wp-content\/uploads\/sites\/2\/2013\/03\/2006-2.png\" width=\"963\" height=\"246\" \/><\/p>\n<p><img loading=\"lazy\" decoding=\"async\" class=\"alignnone size-full wp-image-81\" alt=\"2006\" src=\"http:\/\/aldgatecapitalpartners.com\/es\/wp-content\/uploads\/sites\/2\/2013\/03\/2006.png\" width=\"963\" height=\"246\" srcset=\"https:\/\/aldgatecapitalpartners.com\/es\/files\/2013\/03\/2006.png 963w, https:\/\/aldgatecapitalpartners.com\/es\/files\/2013\/03\/2006-300x76.png 300w, https:\/\/aldgatecapitalpartners.com\/es\/files\/2013\/03\/2006-904x230.png 904w\" sizes=\"auto, (max-width: 963px) 100vw, 963px\" \/><\/p>\n<p><img loading=\"lazy\" decoding=\"async\" class=\"alignnone size-full wp-image-76\" alt=\"2005 (3)\" src=\"http:\/\/aldgatecapitalpartners.com\/es\/wp-content\/uploads\/sites\/2\/2013\/03\/2005-3.png\" width=\"963\" height=\"246\" srcset=\"https:\/\/aldgatecapitalpartners.com\/es\/files\/2013\/03\/2005-3.png 963w, https:\/\/aldgatecapitalpartners.com\/es\/files\/2013\/03\/2005-3-300x76.png 300w, https:\/\/aldgatecapitalpartners.com\/es\/files\/2013\/03\/2005-3-904x230.png 904w\" sizes=\"auto, (max-width: 963px) 100vw, 963px\" \/><\/p>\n<p><img loading=\"lazy\" decoding=\"async\" class=\"alignnone size-full wp-image-75\" alt=\"2005 (2)\" src=\"http:\/\/aldgatecapitalpartners.com\/es\/wp-content\/uploads\/sites\/2\/2013\/03\/2005-2.png\" width=\"963\" height=\"246\" srcset=\"https:\/\/aldgatecapitalpartners.com\/es\/files\/2013\/03\/2005-2.png 963w, https:\/\/aldgatecapitalpartners.com\/es\/files\/2013\/03\/2005-2-300x76.png 300w, https:\/\/aldgatecapitalpartners.com\/es\/files\/2013\/03\/2005-2-904x230.png 904w\" sizes=\"auto, (max-width: 963px) 100vw, 963px\" \/><\/p>\n<p><img loading=\"lazy\" decoding=\"async\" class=\"alignnone size-full wp-image-77\" alt=\"2005\" src=\"http:\/\/aldgatecapitalpartners.com\/es\/wp-content\/uploads\/sites\/2\/2013\/03\/2005.png\" width=\"963\" height=\"246\" srcset=\"https:\/\/aldgatecapitalpartners.com\/es\/files\/2013\/03\/2005.png 963w, https:\/\/aldgatecapitalpartners.com\/es\/files\/2013\/03\/2005-300x76.png 300w, https:\/\/aldgatecapitalpartners.com\/es\/files\/2013\/03\/2005-904x230.png 904w\" sizes=\"auto, (max-width: 963px) 100vw, 963px\" \/><\/p>\n<p><img loading=\"lazy\" decoding=\"async\" class=\"alignnone size-full wp-image-73\" alt=\"2004 (2)\" src=\"http:\/\/aldgatecapitalpartners.com\/es\/wp-content\/uploads\/sites\/2\/2013\/03\/2004-2.png\" width=\"963\" height=\"246\" srcset=\"https:\/\/aldgatecapitalpartners.com\/es\/files\/2013\/03\/2004-2.png 963w, https:\/\/aldgatecapitalpartners.com\/es\/files\/2013\/03\/2004-2-300x76.png 300w, https:\/\/aldgatecapitalpartners.com\/es\/files\/2013\/03\/2004-2-904x230.png 904w\" sizes=\"auto, (max-width: 963px) 100vw, 963px\" \/><\/p>\n<p><img loading=\"lazy\" decoding=\"async\" class=\"alignnone size-full wp-image-74\" alt=\"2004\" src=\"http:\/\/aldgatecapitalpartners.com\/es\/wp-content\/uploads\/sites\/2\/2013\/03\/2004.png\" width=\"963\" height=\"246\" srcset=\"https:\/\/aldgatecapitalpartners.com\/es\/files\/2013\/03\/2004.png 963w, https:\/\/aldgatecapitalpartners.com\/es\/files\/2013\/03\/2004-300x76.png 300w, https:\/\/aldgatecapitalpartners.com\/es\/files\/2013\/03\/2004-904x230.png 904w\" sizes=\"auto, (max-width: 963px) 100vw, 963px\" \/><\/p>\n<p><img loading=\"lazy\" decoding=\"async\" class=\"alignnone size-full wp-image-72\" alt=\"2003\" src=\"http:\/\/aldgatecapitalpartners.com\/es\/wp-content\/uploads\/sites\/2\/2013\/03\/2003.png\" width=\"963\" height=\"246\" srcset=\"https:\/\/aldgatecapitalpartners.com\/es\/files\/2013\/03\/2003.png 963w, https:\/\/aldgatecapitalpartners.com\/es\/files\/2013\/03\/2003-300x76.png 300w, https:\/\/aldgatecapitalpartners.com\/es\/files\/2013\/03\/2003-904x230.png 904w\" sizes=\"auto, (max-width: 963px) 100vw, 963px\" \/><\/p>\n<p>&nbsp;<\/p>\n<table style=\"background-color: #32353a;\" border=\"0\">\n<tbody>\n<tr class=\"alignleft\" align=\"left\" valign=\"top\">\n<td>\n<h3 style=\"padding-left: 30px;\"><strong><span style=\"color: #ffffff;\">Testimonial<\/span><\/strong><\/h3>\n<h6 style=\"padding-left: 60px; text-align: justify;\"><span style=\"color: #c0c0c0;\">Jos\u00e9 Rey, Jes\u00fas Nieto y Andr\u00e9s L\u00f3pez, <\/span><strong><span style=\"color: #c0c0c0;\">accionistas-fundadores de PREVING CONSULTORES<\/span><\/strong><\/h6>\n<h6 style=\"padding-left: 60px; text-align: justify;\"><span style=\"color: #c0c0c0;\"><em>\u201cDesde el a\u00f1o 2005, el equipo de ALDGATE nos asesora de manera recurrente en nuestro desarrollo estrat\u00e9gico y de creaci\u00f3n de valor para los accionistas, que incluye crecimiento a trav\u00e9s de adquisiciones. Sonia y Jaume se han integrado perfectamente con el personal de PREVING. No los percibimos como asesores externos sino como parte de nuestro equipo\u201d<\/em><\/span><\/h6>\n<p>&nbsp;<\/td>\n<\/tr>\n<\/tbody>\n<\/table>\n<p><\/p>\n","protected":false},"excerpt":{"rendered":"<p>&nbsp; Testimonial Jos\u00e9 Rey, Jes\u00fas Nieto y Andr\u00e9s L\u00f3pez, accionistas-fundadores de PREVING CONSULTORES \u201cDesde el a\u00f1o 2005, el equipo de ALDGATE nos asesora de manera recurrente en nuestro desarrollo estrat\u00e9gico y de creaci\u00f3n de valor para los accionistas, que incluye crecimiento a trav\u00e9s de adquisiciones. Sonia y Jaume se han integrado perfectamente con el personal [&hellip;]<\/p>\n","protected":false},"author":1,"featured_media":0,"parent":34,"menu_order":0,"comment_status":"closed","ping_status":"closed","template":"","meta":{"footnotes":""},"class_list":["post-37","page","type-page","status-publish","hentry","content-columns-1"],"_links":{"self":[{"href":"https:\/\/aldgatecapitalpartners.com\/es\/wp-json\/wp\/v2\/pages\/37","targetHints":{"allow":["GET"]}}],"collection":[{"href":"https:\/\/aldgatecapitalpartners.com\/es\/wp-json\/wp\/v2\/pages"}],"about":[{"href":"https:\/\/aldgatecapitalpartners.com\/es\/wp-json\/wp\/v2\/types\/page"}],"author":[{"embeddable":true,"href":"https:\/\/aldgatecapitalpartners.com\/es\/wp-json\/wp\/v2\/users\/1"}],"replies":[{"embeddable":true,"href":"https:\/\/aldgatecapitalpartners.com\/es\/wp-json\/wp\/v2\/comments?post=37"}],"version-history":[{"count":10,"href":"https:\/\/aldgatecapitalpartners.com\/es\/wp-json\/wp\/v2\/pages\/37\/revisions"}],"predecessor-version":[{"id":366,"href":"https:\/\/aldgatecapitalpartners.com\/es\/wp-json\/wp\/v2\/pages\/37\/revisions\/366"}],"up":[{"embeddable":true,"href":"https:\/\/aldgatecapitalpartners.com\/es\/wp-json\/wp\/v2\/pages\/34"}],"wp:attachment":[{"href":"https:\/\/aldgatecapitalpartners.com\/es\/wp-json\/wp\/v2\/media?parent=37"}],"curies":[{"name":"wp","href":"https:\/\/api.w.org\/{rel}","templated":true}]}}