{"id":39,"date":"2013-03-05T12:25:59","date_gmt":"2013-03-05T11:25:59","guid":{"rendered":"http:\/\/aldgatecapitalpartners.com\/es\/?page_id=39"},"modified":"2023-02-28T11:41:39","modified_gmt":"2023-02-28T10:41:39","slug":"2007-2010","status":"publish","type":"page","link":"https:\/\/aldgatecapitalpartners.com\/es\/transacciones\/2007-2010\/","title":{"rendered":"2007 &#8211; 2010"},"content":{"rendered":"<hr \/>\n<p><img loading=\"lazy\" decoding=\"async\" class=\"alignnone size-full wp-image-86\" alt=\"2010 (2)\" src=\"http:\/\/aldgatecapitalpartners.com\/es\/wp-content\/uploads\/sites\/2\/2013\/03\/2010-2.png\" width=\"963\" height=\"246\" \/><\/p>\n<p><img loading=\"lazy\" decoding=\"async\" class=\"alignnone size-full wp-image-87\" alt=\"2010\" src=\"http:\/\/aldgatecapitalpartners.com\/es\/wp-content\/uploads\/sites\/2\/2013\/03\/2010.png\" width=\"963\" height=\"246\" \/><\/p>\n<p><img loading=\"lazy\" decoding=\"async\" class=\"alignnone size-full wp-image-85\" alt=\"2009\" src=\"http:\/\/aldgatecapitalpartners.com\/es\/wp-content\/uploads\/sites\/2\/2013\/03\/2009.png\" width=\"963\" height=\"246\" srcset=\"https:\/\/aldgatecapitalpartners.com\/es\/files\/2013\/03\/2009.png 963w, https:\/\/aldgatecapitalpartners.com\/es\/files\/2013\/03\/2009-300x76.png 300w, https:\/\/aldgatecapitalpartners.com\/es\/files\/2013\/03\/2009-904x230.png 904w\" sizes=\"auto, (max-width: 963px) 100vw, 963px\" \/><\/p>\n<p><img loading=\"lazy\" decoding=\"async\" class=\"alignnone size-full wp-image-83\" alt=\"2008 (2)\" src=\"http:\/\/aldgatecapitalpartners.com\/es\/wp-content\/uploads\/sites\/2\/2013\/03\/2008-2.png\" width=\"963\" height=\"246\" srcset=\"https:\/\/aldgatecapitalpartners.com\/es\/files\/2013\/03\/2008-2.png 963w, https:\/\/aldgatecapitalpartners.com\/es\/files\/2013\/03\/2008-2-300x76.png 300w, https:\/\/aldgatecapitalpartners.com\/es\/files\/2013\/03\/2008-2-904x230.png 904w\" sizes=\"auto, (max-width: 963px) 100vw, 963px\" \/><\/p>\n<p><img loading=\"lazy\" decoding=\"async\" class=\"alignnone size-full wp-image-84\" alt=\"2008\" src=\"http:\/\/aldgatecapitalpartners.com\/es\/wp-content\/uploads\/sites\/2\/2013\/03\/2008.png\" width=\"963\" height=\"246\" srcset=\"https:\/\/aldgatecapitalpartners.com\/es\/files\/2013\/03\/2008.png 963w, https:\/\/aldgatecapitalpartners.com\/es\/files\/2013\/03\/2008-300x76.png 300w, https:\/\/aldgatecapitalpartners.com\/es\/files\/2013\/03\/2008-904x230.png 904w\" sizes=\"auto, (max-width: 963px) 100vw, 963px\" \/><\/p>\n<p><img loading=\"lazy\" decoding=\"async\" class=\"alignnone size-full wp-image-82\" alt=\"2007\" src=\"http:\/\/aldgatecapitalpartners.com\/es\/wp-content\/uploads\/sites\/2\/2013\/03\/2007.png\" width=\"963\" height=\"246\" srcset=\"https:\/\/aldgatecapitalpartners.com\/es\/files\/2013\/03\/2007.png 963w, https:\/\/aldgatecapitalpartners.com\/es\/files\/2013\/03\/2007-300x76.png 300w, https:\/\/aldgatecapitalpartners.com\/es\/files\/2013\/03\/2007-904x230.png 904w\" sizes=\"auto, (max-width: 963px) 100vw, 963px\" \/><\/p>\n<p>&nbsp;<\/p>\n<table style=\"background-color: #32353a;\" border=\"0\" align=\"left\">\n<tbody>\n<tr class=\"alignleft\" align=\"left\" valign=\"top\">\n<td>\n<h3 style=\"padding-left: 30px;\"><strong><span style=\"color: #ffffff;\">Testimonial<\/span><\/strong><\/h3>\n<h6 style=\"padding-left: 60px; text-align: justify;\"><span style=\"color: #c0c0c0;\">Ton Capella, <strong><span style=\"color: #888888;\"><span style=\"color: #c0c0c0;\">Consejro Delegado de TELSTAR<\/span><\/span><\/strong><\/span><\/h6>\n<h6 style=\"padding-left: 60px; text-align: justify;\"><span style=\"color: #c0c0c0;\"><em>\u00abAldgate nos asesor\u00f3 cuando un fondo de capital riesgo tom\u00f3 una participaci\u00f3n en nuestra compa\u00f1\u00eda, nos acompa\u00f1\u00f3 durante nuestra expansi\u00f3n internacional a trav\u00e9s de adquisiciones y nos ayud\u00f3 en la venta de una participaci\u00f3n mayoritaria de la compa\u00f1\u00eda. Su compromiso, velocidad de respuesta y pensamiento innovador han sido fundamentales para nuestra relaci\u00f3n a largo plazo. Adicionalmente a sus habilidades t\u00e9cnicas, valoro especialmente su habilidad para gestionar a los diversos asesores de una transacci\u00f3n y su psicolog\u00eda comercial derivada del sentido com\u00fan\u00bb<\/em><\/span><\/h6>\n<p>&nbsp;<\/td>\n<\/tr>\n<\/tbody>\n<\/table>\n<p><\/p>\n","protected":false},"excerpt":{"rendered":"<p>&nbsp; Testimonial Ton Capella, Consejro Delegado de TELSTAR \u00abAldgate nos asesor\u00f3 cuando un fondo de capital riesgo tom\u00f3 una participaci\u00f3n en nuestra compa\u00f1\u00eda, nos acompa\u00f1\u00f3 durante nuestra expansi\u00f3n internacional a trav\u00e9s de adquisiciones y nos ayud\u00f3 en la venta de una participaci\u00f3n mayoritaria de la compa\u00f1\u00eda. Su compromiso, velocidad de respuesta y pensamiento innovador han [&hellip;]<\/p>\n","protected":false},"author":1,"featured_media":0,"parent":34,"menu_order":0,"comment_status":"closed","ping_status":"closed","template":"","meta":{"footnotes":""},"class_list":["post-39","page","type-page","status-publish","hentry","content-columns-1"],"_links":{"self":[{"href":"https:\/\/aldgatecapitalpartners.com\/es\/wp-json\/wp\/v2\/pages\/39","targetHints":{"allow":["GET"]}}],"collection":[{"href":"https:\/\/aldgatecapitalpartners.com\/es\/wp-json\/wp\/v2\/pages"}],"about":[{"href":"https:\/\/aldgatecapitalpartners.com\/es\/wp-json\/wp\/v2\/types\/page"}],"author":[{"embeddable":true,"href":"https:\/\/aldgatecapitalpartners.com\/es\/wp-json\/wp\/v2\/users\/1"}],"replies":[{"embeddable":true,"href":"https:\/\/aldgatecapitalpartners.com\/es\/wp-json\/wp\/v2\/comments?post=39"}],"version-history":[{"count":7,"href":"https:\/\/aldgatecapitalpartners.com\/es\/wp-json\/wp\/v2\/pages\/39\/revisions"}],"predecessor-version":[{"id":367,"href":"https:\/\/aldgatecapitalpartners.com\/es\/wp-json\/wp\/v2\/pages\/39\/revisions\/367"}],"up":[{"embeddable":true,"href":"https:\/\/aldgatecapitalpartners.com\/es\/wp-json\/wp\/v2\/pages\/34"}],"wp:attachment":[{"href":"https:\/\/aldgatecapitalpartners.com\/es\/wp-json\/wp\/v2\/media?parent=39"}],"curies":[{"name":"wp","href":"https:\/\/api.w.org\/{rel}","templated":true}]}}