{"id":46,"date":"2013-03-05T12:29:58","date_gmt":"2013-03-05T11:29:58","guid":{"rendered":"http:\/\/aldgatecapitalpartners.com\/es\/?page_id=46"},"modified":"2023-02-28T11:41:38","modified_gmt":"2023-02-28T10:41:38","slug":"aviso-legal","status":"publish","type":"page","link":"https:\/\/aldgatecapitalpartners.com\/es\/aviso-legal\/","title":{"rendered":"Aviso Legal"},"content":{"rendered":"<hr \/>\n<p style=\"text-align: justify;\"><span style=\"color: #333333;\">ALDGATE CAPITAL PARTNERS, S.L., titular de este sitio web, tiene su domicilio social en Ronda General Mitre 147 At-2, 08022 Barcelona, NIF: B-65041444 y est\u00e1 registrada en el Registro Mercantil de Barcelona, Tomo 41075, Folio 122, Hoja B378072, Inscripci\u00f3n 1.<\/span><\/p>\n<p style=\"text-align: justify;\"><span style=\"color: #333333;\">Conforme a lo establecido en la normativa de protecci\u00f3n de datos personales le informamos que los datos personales proporcionados son confidenciales y formar\u00e1n parte de los ficheros titularidad de esta empresa con la finalidad de cuya finalidad de mantener la relaci\u00f3n profesional, comercial, y\/o contractual que en su caso establezca con cualquiera de los profesionales de ALDGATE, as\u00ed como mantenerle informado sobre nuestros servicios. El uso de los formularios, as\u00ed como el env\u00edo de un correo electr\u00f3nico de consulta, supone el consentimiento del remitente al tratamiento automatizado de sus datos. El usuario se compromete a que los datos que pudiera facilitar sean verdaderos, exactos, completos y actuales. El usuario ser\u00e1 el \u00fanico responsable de cualquier da\u00f1o o perjuicio, directo o indirecto que pudiera ocasionar en caso de facilitar datos ajenos, falsos, inexactos, incompletos o no actualizados.<\/span><\/p>\n<p style=\"text-align: justify;\"><span style=\"color: #333333;\">El titular de los datos podr\u00e1 ejercer los derechos de acceso, oposici\u00f3n, rectificaci\u00f3n y cancelaci\u00f3n en la direcci\u00f3n Ronda General Mitre 147 At-2, 08022 Barcelona, adjuntando fotocopia de DNI o en el e-mail <\/span><span style=\"color: #333333;\"><a href=\"mailto:aldgate@aldgatecapitalpartners.com\"><span style=\"color: #333333;\">aldgate@aldgatecapitalpartners.com<\/span><\/a><\/span><span style=\"color: #333333;\"> de haber utilizado esta v\u00eda para proporcionar sus datos de car\u00e1cter personal.<\/span><\/p>\n<p style=\"text-align: justify;\"><span style=\"color: #333333;\">Privacidad: Esta p\u00e1gina web utiliza Google Analytics, un servicio anal\u00edtico de web prestado por Google, Inc., una compa\u00f1\u00eda de Delaware cuya oficina principal est\u00e1 en 1600 Amphitheatre Parkway, Mountain View (California), CA 94043, Estados Unidos (\u201cGoogle\u201d). Google Analytics utiliza \u201ccookies\u201d, que son archivos de texto ubicados en su ordenador, para ayudar al website a analizar el uso que hacen los usuarios del sitio web. La informaci\u00f3n que genera la cookie acerca de su uso del website (incluyendo su direcci\u00f3n IP) ser\u00e1 directamente transmitida y archivada por Google en los servidores de Estados Unidos. Google usar\u00e1 esta informaci\u00f3n por cuenta nuestra con el prop\u00f3sito de seguir la pista de su uso del website, recopilando informes de la actividad del website y prestando otros servicios relacionados con la actividad del website y el uso de Internet. Google podr\u00e1 transmitir dicha informaci\u00f3n a terceros cuando as\u00ed se lo requiera la legislaci\u00f3n, o cuando dichos terceros procesen la informaci\u00f3n por cuenta de Google. Google no asociar\u00e1 su direcci\u00f3n IP con ning\u00fan otro dato del que disponga Google. Puede Usted rechazar el tratamiento de los datos o la informaci\u00f3n rechazando el uso de cookies mediante la selecci\u00f3n de la configuraci\u00f3n apropiada de su navegador, sin embargo, debe Usted saber que si lo hace puede ser que no pueda usar la plena funcionabilidad de este website. Al utilizar este website Usted consiente el tratamiento de informaci\u00f3n acerca de Usted por Google en la forma y para los fines arriba indicados.<\/span><\/p>\n","protected":false},"excerpt":{"rendered":"<p>ALDGATE CAPITAL PARTNERS, S.L., titular de este sitio web, tiene su domicilio social en Ronda General Mitre 147 At-2, 08022 Barcelona, NIF: B-65041444 y est\u00e1 registrada en el Registro Mercantil de Barcelona, Tomo 41075, Folio 122, Hoja B378072, Inscripci\u00f3n 1. Conforme a lo establecido en la normativa de protecci\u00f3n de datos personales le informamos que [&hellip;]<\/p>\n","protected":false},"author":1,"featured_media":0,"parent":0,"menu_order":0,"comment_status":"closed","ping_status":"closed","template":"","meta":{"footnotes":""},"class_list":["post-46","page","type-page","status-publish","hentry","content-columns-1"],"_links":{"self":[{"href":"https:\/\/aldgatecapitalpartners.com\/es\/wp-json\/wp\/v2\/pages\/46","targetHints":{"allow":["GET"]}}],"collection":[{"href":"https:\/\/aldgatecapitalpartners.com\/es\/wp-json\/wp\/v2\/pages"}],"about":[{"href":"https:\/\/aldgatecapitalpartners.com\/es\/wp-json\/wp\/v2\/types\/page"}],"author":[{"embeddable":true,"href":"https:\/\/aldgatecapitalpartners.com\/es\/wp-json\/wp\/v2\/users\/1"}],"replies":[{"embeddable":true,"href":"https:\/\/aldgatecapitalpartners.com\/es\/wp-json\/wp\/v2\/comments?post=46"}],"version-history":[{"count":12,"href":"https:\/\/aldgatecapitalpartners.com\/es\/wp-json\/wp\/v2\/pages\/46\/revisions"}],"predecessor-version":[{"id":355,"href":"https:\/\/aldgatecapitalpartners.com\/es\/wp-json\/wp\/v2\/pages\/46\/revisions\/355"}],"wp:attachment":[{"href":"https:\/\/aldgatecapitalpartners.com\/es\/wp-json\/wp\/v2\/media?parent=46"}],"curies":[{"name":"wp","href":"https:\/\/api.w.org\/{rel}","templated":true}]}}