{"id":5,"date":"2013-03-05T12:12:15","date_gmt":"2013-03-05T11:12:15","guid":{"rendered":"http:\/\/aldgatecapitalpartners.com\/es\/?page_id=5"},"modified":"2023-02-28T12:14:40","modified_gmt":"2023-02-28T11:14:40","slug":"inicio","status":"publish","type":"page","link":"https:\/\/aldgatecapitalpartners.com\/es\/","title":{"rendered":"Inicio"},"content":{"rendered":"<h5 style=\"text-align: left;\"><\/h5>\n<hr \/>\n<p style=\"text-align: justify;\"><strong>Compromiso, conocimiento, sentido com\u00fan e integridad para resolver las necesidades de nuestros clientes.<\/strong><\/p>\n<p style=\"text-align: justify;\"><span style=\"color: #000000;\">Aldgate Capital Partners es una boutique independiente de banca de inversi\u00f3n con sede en Barcelona que ofrece servicios de creaci\u00f3n de valor y de finanzas corporativas a empresas no cotizadas.<\/span><\/p>\n<p style=\"text-align: justify;\"><span style=\"color: #000000;\">Nuestra filosof\u00eda se basa en los siguientes pilares:<\/span><\/p>\n<div style=\"text-align: center;\"><span style=\"color: #ffffff;\"><span style=\"color: #ffffff;\"><img loading=\"lazy\" decoding=\"async\" class=\"alignnone wp-image-135\" src=\"https:\/\/aldgatecapitalpartners.com\/es\/wp-content\/uploads\/sites\/2\/2013\/03\/4-pilaresEs.png\" alt=\"4-pilaresEs\" width=\"925\" height=\"667\" srcset=\"https:\/\/aldgatecapitalpartners.com\/es\/files\/2013\/03\/4-pilaresEs.png 925w, https:\/\/aldgatecapitalpartners.com\/es\/files\/2013\/03\/4-pilaresEs-300x216.png 300w, https:\/\/aldgatecapitalpartners.com\/es\/files\/2013\/03\/4-pilaresEs-904x651.png 904w\" sizes=\"auto, (max-width: 925px) 100vw, 925px\" \/><\/span><\/span><\/div>\n<div style=\"text-align: center;\">\n<div>\n<table style=\"background-color: #32353a;\" border=\"0\" align=\"left\">\n<tbody>\n<tr class=\"alignleft\" align=\"left\" valign=\"top\">\n<td>\n<h3 style=\"padding-left: 30px;\"><strong><span style=\"color: #ffffff;\">Testimonial<\/span><\/strong><\/h3>\n<h6 style=\"padding-left: 60px; text-align: justify;\"><span style=\"color: #c0c0c0;\">Ton Capella, <\/span><strong><span style=\"color: #c0c0c0;\">Consejero Delegado de TELSTAR<\/span><\/strong><\/h6>\n<h6 style=\"padding-left: 60px; text-align: justify;\"><span style=\"color: #c0c0c0;\"><em>\u00abAldgate nos asesor\u00f3 cuando un fondo de capital riesgo tom\u00f3 una participaci\u00f3n en nuestra compa\u00f1\u00eda, nos acompa\u00f1\u00f3 durante nuestra expansi\u00f3n internacional a trav\u00e9s de adquisiciones y nos ayud\u00f3 en la venta de una participaci\u00f3n mayoritaria de la compa\u00f1\u00eda. Su compromiso, velocidad de respuesta y pensamiento innovador han sido fundamentales para nuestra relaci\u00f3n a largo plazo. Adicionalmente a sus habilidades t\u00e9cnicas, valoro especialmente su habilidad para gestionar a los diversos asesores de una transacci\u00f3n y su psicolog\u00eda comercial derivada del sentido com\u00fan\u00bb<\/em><\/span><\/h6>\n<p>&nbsp;<\/td>\n<\/tr>\n<\/tbody>\n<\/table>\n<h3 style=\"text-align: left;\"><\/h3>\n<p>&nbsp;<\/p>\n<\/div>\n<\/div>\n<div style=\"text-align: center;\"><span style=\"color: #ffffff;\"><a title=\"Aviso Legal\" href=\"https:\/\/aldgatecapitalpartners.com\/es\/aviso-legal\/\" target=\"_blank\" rel=\"noopener\"><span style=\"color: #ffffff;\"><span style=\"color: #c0c0c0;\">Aviso Legal<\/span><\/span><\/a><\/span><\/div>\n","protected":false},"excerpt":{"rendered":"<p>Compromiso, conocimiento, sentido com\u00fan e integridad para resolver las necesidades de nuestros clientes. Aldgate Capital Partners es una boutique independiente de banca de inversi\u00f3n con sede en Barcelona que ofrece servicios de creaci\u00f3n de valor y de finanzas corporativas a empresas no cotizadas. Nuestra filosof\u00eda se basa en los siguientes pilares: Testimonial Ton Capella, Consejero [&hellip;]<\/p>\n","protected":false},"author":1,"featured_media":0,"parent":0,"menu_order":0,"comment_status":"closed","ping_status":"closed","template":"","meta":{"footnotes":""},"class_list":["post-5","page","type-page","status-publish","hentry","content-columns-1"],"_links":{"self":[{"href":"https:\/\/aldgatecapitalpartners.com\/es\/wp-json\/wp\/v2\/pages\/5","targetHints":{"allow":["GET"]}}],"collection":[{"href":"https:\/\/aldgatecapitalpartners.com\/es\/wp-json\/wp\/v2\/pages"}],"about":[{"href":"https:\/\/aldgatecapitalpartners.com\/es\/wp-json\/wp\/v2\/types\/page"}],"author":[{"embeddable":true,"href":"https:\/\/aldgatecapitalpartners.com\/es\/wp-json\/wp\/v2\/users\/1"}],"replies":[{"embeddable":true,"href":"https:\/\/aldgatecapitalpartners.com\/es\/wp-json\/wp\/v2\/comments?post=5"}],"version-history":[{"count":21,"href":"https:\/\/aldgatecapitalpartners.com\/es\/wp-json\/wp\/v2\/pages\/5\/revisions"}],"predecessor-version":[{"id":379,"href":"https:\/\/aldgatecapitalpartners.com\/es\/wp-json\/wp\/v2\/pages\/5\/revisions\/379"}],"wp:attachment":[{"href":"https:\/\/aldgatecapitalpartners.com\/es\/wp-json\/wp\/v2\/media?parent=5"}],"curies":[{"name":"wp","href":"https:\/\/api.w.org\/{rel}","templated":true}]}}