{"id":9,"date":"2013-03-05T12:14:19","date_gmt":"2013-03-05T11:14:19","guid":{"rendered":"http:\/\/aldgatecapitalpartners.com\/es\/?page_id=9"},"modified":"2023-02-28T11:41:39","modified_gmt":"2023-02-28T10:41:39","slug":"sobre-aldgate","status":"publish","type":"page","link":"https:\/\/aldgatecapitalpartners.com\/es\/sobre-aldgate\/","title":{"rendered":"Sobre Nosotros"},"content":{"rendered":"<h5 style=\"text-align: justify;\"><\/h5>\n<hr \/>\n<p style=\"text-align: justify;\"><strong>Sonia Alvarez<\/strong><span style=\"color: #000000;\"> y <strong>Jaume Berg\u00e9<\/strong> constituyen Aldgate Capital Partners en 2009 con el objetivo de convertirse en una de las boutiques de banca de inversi\u00f3n independientes de referencia en el mercado espa\u00f1ol.<\/span><\/p>\n<p style=\"text-align: justify;\"><span style=\"color: #000000;\">Desde entonces, Aldgate ha asesorado a un n\u00famero cada vez mayor de empresarios, compa\u00f1\u00edas no cotizadas y equipos directivos en transacciones societarias y proyectos de creaci\u00f3n de valor.<\/span><\/p>\n<p style=\"text-align: justify;\"><span style=\"color: #000000;\">Con sede en Barcelona, Aldgate presta sus servicios a empresas de cualquier sector. Como consecuencia de su involucraci\u00f3n en varias transacciones y proyectos, el equipo Aldgate cuenta con una experiencia relevante en algunos sectores como Business Process Outsourcing, Servicios IT, Industria y Alimentaci\u00f3n.<\/span><\/p>\n<p style=\"text-align: justify;\"><span style=\"color: #000000;\">Aldgate cree en servicios de valor a\u00f1adido personalizados que combinan conocimiento y experiencia con la comprensi\u00f3n de las necesidades espec\u00edficas de sus clientes.<\/span><\/p>\n<p style=\"text-align: justify;\"><span style=\"color: #000000;\">La aproximaci\u00f3n de Aldgate a la relaci\u00f3n con sus clientes apuesta por el largo plazo en contraposici\u00f3n al enfoque cortoplacista de intermediaci\u00f3n. Por ello, el equipo de Aldgate lleva a\u00f1os colaborando con la mayor\u00eda de sus clientes.<\/span><\/p>\n<table style=\"background-color: #32353a;\" border=\"0\">\n<tbody>\n<tr class=\"alignleft\" align=\"left\" valign=\"top\">\n<td>\n<h3 style=\"padding-left: 30px;\"><strong><span style=\"color: #ffffff;\">Testimonial<\/span><\/strong><\/h3>\n<h6 style=\"padding-left: 60px; text-align: justify;\"><span style=\"color: #c0c0c0;\">Jos\u00e9 Rey, Jes\u00fas Nieto y Andr\u00e9s L\u00f3pez, <\/span><strong><span style=\"color: #c0c0c0;\">accionistas-fundadores de PREVING CONSULTORES<\/span><\/strong><\/h6>\n<h6 style=\"padding-left: 60px; text-align: justify;\"><span style=\"color: #c0c0c0;\"><em>\u201cDesde el a\u00f1o 2005, el equipo de ALDGATE nos asesora de manera recurrente en nuestro desarrollo estrat\u00e9gico y de creaci\u00f3n de valor para los accionistas, que incluye crecimiento a trav\u00e9s de adquisiciones. Sonia y Jaume se han integrado perfectamente con el personal de PREVING. No los percibimos como asesores externos sino como parte de nuestro equipo\u201d<\/em><\/span><\/h6>\n<p>&nbsp;<\/td>\n<\/tr>\n<\/tbody>\n<\/table>\n<p><\/p>\n","protected":false},"excerpt":{"rendered":"<p>Sonia Alvarez y Jaume Berg\u00e9 constituyen Aldgate Capital Partners en 2009 con el objetivo de convertirse en una de las boutiques de banca de inversi\u00f3n independientes de referencia en el mercado espa\u00f1ol. Desde entonces, Aldgate ha asesorado a un n\u00famero cada vez mayor de empresarios, compa\u00f1\u00edas no cotizadas y equipos directivos en transacciones societarias y [&hellip;]<\/p>\n","protected":false},"author":1,"featured_media":0,"parent":0,"menu_order":0,"comment_status":"closed","ping_status":"closed","template":"","meta":{"footnotes":""},"class_list":["post-9","page","type-page","status-publish","hentry","content-columns-1"],"_links":{"self":[{"href":"https:\/\/aldgatecapitalpartners.com\/es\/wp-json\/wp\/v2\/pages\/9","targetHints":{"allow":["GET"]}}],"collection":[{"href":"https:\/\/aldgatecapitalpartners.com\/es\/wp-json\/wp\/v2\/pages"}],"about":[{"href":"https:\/\/aldgatecapitalpartners.com\/es\/wp-json\/wp\/v2\/types\/page"}],"author":[{"embeddable":true,"href":"https:\/\/aldgatecapitalpartners.com\/es\/wp-json\/wp\/v2\/users\/1"}],"replies":[{"embeddable":true,"href":"https:\/\/aldgatecapitalpartners.com\/es\/wp-json\/wp\/v2\/comments?post=9"}],"version-history":[{"count":10,"href":"https:\/\/aldgatecapitalpartners.com\/es\/wp-json\/wp\/v2\/pages\/9\/revisions"}],"predecessor-version":[{"id":363,"href":"https:\/\/aldgatecapitalpartners.com\/es\/wp-json\/wp\/v2\/pages\/9\/revisions\/363"}],"wp:attachment":[{"href":"https:\/\/aldgatecapitalpartners.com\/es\/wp-json\/wp\/v2\/media?parent=9"}],"curies":[{"name":"wp","href":"https:\/\/api.w.org\/{rel}","templated":true}]}}